{"id":167,"date":"2023-05-09T13:45:34","date_gmt":"2023-05-09T13:45:34","guid":{"rendered":"https:\/\/www.metomigakuen-arts.com\/?post_type=product&#038;p=167"},"modified":"2025-12-08T11:51:40","modified_gmt":"2025-12-08T11:51:40","slug":"%e6%9d%9f%e7%b8%9b%e5%bd%bc%e5%a5%b3vs%e6%a8%aa%e5%8f%96%e3%82%8a%e5%ac%a2-mtmg-02","status":"publish","type":"product","link":"https:\/\/www.metomigakuen-arts.com\/ja\/product\/%e6%9d%9f%e7%b8%9b%e5%bd%bc%e5%a5%b3vs%e6%a8%aa%e5%8f%96%e3%82%8a%e5%ac%a2-mtmg-02\/","title":{"rendered":"\u675f\u7e1b\u5f7c\u5973vs\u6a2a\u53d6\u308a\u5b22 MTMG-02"},"content":{"rendered":"<p>\u675f\u7e1b\u5f7c\u5973vs\u6a2a\u53d6\u308a\u5b22 MTMG-02 \u30c0\u30a6\u30f3\u30ed\u30fc\u30c9\u7248\u3092\u8cfc\u5165\u3059\u308b<\/p>\n<p>\u300c\u3054\u3081\u3093\u3001\u4eca\u65e5\u306f\u30c0\u30e1\u306a\u3093\u3060\u300d\u5f7c\u304b\u3089\u306e\u96fb\u8a71\u306b\u3046\u3093\u3056\u308a\u3059\u308b\u7d17\u77e2\u3002\u6700\u8fd1\u306e\u5f7c\u306f\u4ed5\u4e8b\u3070\u304b\u308a\u3067\u30c7\u30fc\u30c8\u3092\u3059\u308b\u6687\u304c\u306a\u3044\u3063\u3066\u3002\u3044\u3084\u3001\u304a\u304b\u3057\u3044\u2026\u3068\u60a9\u3080\u7d17\u77e2\u306e\u3082\u3068\u306b\uff2c\uff29\uff2e\uff25\u304c\u5c4a\u304f\u3002\u300c\u00d7\u00d7\u00d7\u30db\u30c6\u30eb\u306e\uff14\uff10\uff11\u53f7\u306b\u6765\u3044\u300d<br \/>\n\u305d\u3053\u3067\u5f85\u3061\u4f0f\u305b\u3066\u3044\u305f\u306e\u306f\u5f7c\u3068\u2026\u98a8\u4fd7\u5b22\u306e\u30ca\u30df\u3002<br \/>\n\u300c\u60aa\u3044\u3051\u3069\u5f7c\u304c\u3042\u305f\u3057\u306b\u60da\u308c\u3066\u3057\u307e\u3063\u305f\u300d\u3068\u30ca\u30df\u3001\u300c\u3042\u3093\u305f\u3068\u9055\u3046\u3001\u3042\u305f\u3057\u30c7\u30ea\u5b22\u306a\u3093\u304b\u3058\u3083\u306a\u3044\u300d\u3068\u7d17\u77e2\u3068\u307e\u3059\u307e\u3059\u6fc0\u5316\u3059\u308b\u7d17\u77e2\u3068\u30ca\u30df\u306e\u30bf\u30a4\u30de\u30f3\u3002\u7cbe\u529b\u3001\u8a00\u8449\u306e\u7834\u58ca\u529b\u3001\u30d0\u30c8\u30eb\u529b\u3067\u3001\u5973\u30d1\u30ef\u30fc\u3092\u5fb9\u5e95\u7684\u306b\u6bd4\u8f03\u3059\u308b\u5168\u9762\u6226\u4e89\u304c\u59cb\u307e\u308b\uff01<\/p>\n<p>\u901a\u5e38\u8ca9\u58f2\u4fa1\u683c<br \/>\n(\u7a0e\u8fbc)\uff1a 3,900 \u5186<\/p>","protected":false},"excerpt":{"rendered":"<p>\u675f\u7e1b\u5f7c\u5973vs\u6a2a\u53d6\u308a\u5b22 MTMG-02 \u30c0\u30a6\u30f3\u30ed\u30fc\u30c9\u7248<\/p>","protected":false},"featured_media":136,"template":"","meta":[],"product_brand":[],"product_cat":[16],"product_tag":[],"class_list":{"0":"post-167","1":"product","2":"type-product","3":"status-publish","4":"has-post-thumbnail","6":"product_cat-uncategorized","8":"first","9":"instock","10":"downloadable","11":"shipping-taxable","12":"purchasable","13":"product-type-simple"},"jetpack_sharing_enabled":true,"_links":{"self":[{"href":"https:\/\/www.metomigakuen-arts.com\/ja\/wp-json\/wp\/v2\/product\/167","targetHints":{"allow":["GET"]}}],"collection":[{"href":"https:\/\/www.metomigakuen-arts.com\/ja\/wp-json\/wp\/v2\/product"}],"about":[{"href":"https:\/\/www.metomigakuen-arts.com\/ja\/wp-json\/wp\/v2\/types\/product"}],"wp:featuredmedia":[{"embeddable":true,"href":"https:\/\/www.metomigakuen-arts.com\/ja\/wp-json\/wp\/v2\/media\/136"}],"wp:attachment":[{"href":"https:\/\/www.metomigakuen-arts.com\/ja\/wp-json\/wp\/v2\/media?parent=167"}],"wp:term":[{"taxonomy":"product_brand","embeddable":true,"href":"https:\/\/www.metomigakuen-arts.com\/ja\/wp-json\/wp\/v2\/product_brand?post=167"},{"taxonomy":"product_cat","embeddable":true,"href":"https:\/\/www.metomigakuen-arts.com\/ja\/wp-json\/wp\/v2\/product_cat?post=167"},{"taxonomy":"product_tag","embeddable":true,"href":"https:\/\/www.metomigakuen-arts.com\/ja\/wp-json\/wp\/v2\/product_tag?post=167"}],"curies":[{"name":"wp","href":"https:\/\/api.w.org\/{rel}","templated":true}]}}